{"id":19,"date":"2013-03-20T19:05:20","date_gmt":"2013-03-20T19:05:20","guid":{"rendered":"https:\/\/centroderecursosmarista.org\/?page_id=19"},"modified":"2019-01-24T09:10:18","modified_gmt":"2019-01-24T13:10:18","slug":"enciclopedia","status":"publish","type":"page","link":"https:\/\/centroderecursosmarista.org\/?page_id=19","title":{"rendered":"Enciclopedias"},"content":{"rendered":"<div class=\"wpb_row vc_row-fluid \"> \n\t<div class=\"vc_span12 wpb_column column_container\">\n\t\t<div class=\"wpb_wrapper\">\n\t\t\t \n\t<div class=\"wpb_accordion wpb_content_element  not-column-inherit\">\n\t\t<div class=\"wpb_wrapper wpb_accordion_wrapper ui-accordion\">\n\t\t\t \n\t\t\t<div class=\"wpb_accordion_section group\">\n\t\t\t\t<h3 class=\"ui-accordion-header\"><a href=\"#\">Enciclopedia M\u00e9dica<\/a><\/h3>\n\t\t\t\t<div class=\"wpb_row vc_row-fluid ui-accordion-content\">\n\t\t\t\t \n\t<div class=\"wpb_gallery wpb_content_element clearfix\">\n\t\t<div class=\"wpb_wrapper\"><div class=\"wpb_gallery_slides wpb_flexslider flexslider_fade flexslider\" data-interval=\"3\" data-flex_fx=\"fade\"><ul class=\"slides\"><li><a class=\"prettyphoto\" rel=\"prettyPhoto[rel-798711269]\" href=\"https:\/\/centroderecursosmarista.org\/wp-content\/uploads\/2013\/03\/medline.jpg\"><img src=\"https:\/\/centroderecursosmarista.org\/wp-content\/uploads\/2013\/03\/medline.jpg\" width=\"480\" height=\"250\" alt=\"medline\" \/><\/a><\/li><li><a class=\"prettyphoto\" rel=\"prettyPhoto[rel-798711269]\" href=\"https:\/\/centroderecursosmarista.org\/wp-content\/uploads\/2013\/03\/medline1.jpg\"><img src=\"https:\/\/centroderecursosmarista.org\/wp-content\/uploads\/2013\/03\/medline1.jpg\" width=\"480\" height=\"250\" alt=\"medline1\" \/><\/a><\/li><\/ul><\/div>\n\t\t<\/div> \n\t<\/div>  <a class=\"wpb_button_a\" title=\"Ver P\u00e1gina Web\" href=\"http:\/\/www.nlm.nih.gov\/medlineplus\/spanish\/encyclopedia.html\" target=\"_blank\"><span class=\"wpb_button  wpb_btn-info wpb_regularsize\">Ver P\u00e1gina Web<\/span><\/a>\n \n\t\t\t\t<\/div>\n\t\t\t<\/div> \n \n\t\t\t<div class=\"wpb_accordion_section group\">\n\t\t\t\t<h3 class=\"ui-accordion-header\"><a href=\"#\">Britannica<\/a><\/h3>\n\t\t\t\t<div class=\"wpb_row vc_row-fluid ui-accordion-content\">\n\t\t\t\t \n\t<div class=\"wpb_gallery wpb_content_element clearfix\">\n\t\t<div class=\"wpb_wrapper\"><div class=\"wpb_gallery_slides wpb_flexslider flexslider_fade flexslider\" data-interval=\"3\" data-flex_fx=\"fade\"><ul class=\"slides\"><li><a class=\"prettyphoto\" rel=\"prettyPhoto[rel-2055546033]\" href=\"https:\/\/centroderecursosmarista.org\/wp-content\/uploads\/2013\/03\/ebritanica.jpg\"><img src=\"https:\/\/centroderecursosmarista.org\/wp-content\/uploads\/2013\/03\/ebritanica.jpg\" width=\"480\" height=\"250\" alt=\"ebritanica\" \/><\/a><\/li><li><a class=\"prettyphoto\" rel=\"prettyPhoto[rel-2055546033]\" href=\"https:\/\/centroderecursosmarista.org\/wp-content\/uploads\/2013\/03\/ebritanica2.jpg\"><img src=\"https:\/\/centroderecursosmarista.org\/wp-content\/uploads\/2013\/03\/ebritanica2.jpg\" width=\"480\" height=\"250\" alt=\"ebritanica2\" \/><\/a><\/li><\/ul><\/div>\n\t\t<\/div> \n\t<\/div>  <a class=\"wpb_button_a\" title=\"Ver P\u00e1gina Web\" href=\"http:\/\/www.britannica.com\/\" target=\"_blank\"><span class=\"wpb_button  wpb_btn-info wpb_regularsize\">Ver P\u00e1gina Web<\/span><\/a>\n \n\t\t\t\t<\/div>\n\t\t\t<\/div> \n \n\t\t\t<div class=\"wpb_accordion_section group\">\n\t\t\t\t<h3 class=\"ui-accordion-header\"><a href=\"#\">Enciclopedia Libre Universal en Espa\u00f1ol<\/a><\/h3>\n\t\t\t\t<div class=\"wpb_row vc_row-fluid ui-accordion-content\">\n\t\t\t\t \n\t<div class=\"wpb_gallery wpb_content_element clearfix\">\n\t\t<div class=\"wpb_wrapper\"><div class=\"wpb_gallery_slides wpb_flexslider flexslider_fade flexslider\" data-interval=\"3\" data-flex_fx=\"fade\"><ul class=\"slides\"><li><a class=\"prettyphoto\" rel=\"prettyPhoto[rel-1706264938]\" href=\"https:\/\/centroderecursosmarista.org\/wp-content\/uploads\/2013\/03\/enclio-libre1.jpg\"><img src=\"https:\/\/centroderecursosmarista.org\/wp-content\/uploads\/2013\/03\/enclio-libre1.jpg\" width=\"480\" height=\"250\" alt=\"enclio-libre1\" \/><\/a><\/li><li><a class=\"prettyphoto\" rel=\"prettyPhoto[rel-1706264938]\" href=\"https:\/\/centroderecursosmarista.org\/wp-content\/uploads\/2013\/03\/enclio-libre.jpg\"><img src=\"https:\/\/centroderecursosmarista.org\/wp-content\/uploads\/2013\/03\/enclio-libre.jpg\" width=\"480\" height=\"250\" alt=\"enclio-libre\" \/><\/a><\/li><\/ul><\/div>\n\t\t<\/div> \n\t<\/div>  <a class=\"wpb_button_a\" title=\"Ver P\u00e1gina Web\" href=\"http:\/\/enciclopedia.us.es\/index.php\/Enciclopedia_Libre_Universal_en_Espa%C3%B1ol\" target=\"_blank\"><span class=\"wpb_button  wpb_btn-info wpb_regularsize\">Ver P\u00e1gina Web<\/span><\/a>\n \n\t\t\t\t<\/div>\n\t\t\t<\/div> \n \n\t\t<\/div> \n\t<\/div>  \n\t\t<\/div> \n\t<\/div> \n <\/div>\n","protected":false},"excerpt":{"rendered":"Enciclopedia M\u00e9dica Ver P\u00e1gina Web Britannica Ver P\u00e1gina Web Enciclopedia Libre Universal en Espa\u00f1ol Ver P\u00e1gina Web","protected":false},"author":1,"featured_media":0,"parent":0,"menu_order":0,"comment_status":"open","ping_status":"open","template":"","meta":{"jetpack_post_was_ever_published":false},"jetpack_sharing_enabled":true,"jetpack_shortlink":"https:\/\/wp.me\/P3q1yj-j","_links":{"self":[{"href":"https:\/\/centroderecursosmarista.org\/index.php?rest_route=\/wp\/v2\/pages\/19"}],"collection":[{"href":"https:\/\/centroderecursosmarista.org\/index.php?rest_route=\/wp\/v2\/pages"}],"about":[{"href":"https:\/\/centroderecursosmarista.org\/index.php?rest_route=\/wp\/v2\/types\/page"}],"author":[{"embeddable":true,"href":"https:\/\/centroderecursosmarista.org\/index.php?rest_route=\/wp\/v2\/users\/1"}],"replies":[{"embeddable":true,"href":"https:\/\/centroderecursosmarista.org\/index.php?rest_route=%2Fwp%2Fv2%2Fcomments&post=19"}],"version-history":[{"count":11,"href":"https:\/\/centroderecursosmarista.org\/index.php?rest_route=\/wp\/v2\/pages\/19\/revisions"}],"predecessor-version":[{"id":550,"href":"https:\/\/centroderecursosmarista.org\/index.php?rest_route=\/wp\/v2\/pages\/19\/revisions\/550"}],"wp:attachment":[{"href":"https:\/\/centroderecursosmarista.org\/index.php?rest_route=%2Fwp%2Fv2%2Fmedia&parent=19"}],"curies":[{"name":"wp","href":"https:\/\/api.w.org\/{rel}","templated":true}]}}