{"id":1885,"date":"2021-04-22T09:37:25","date_gmt":"2021-04-22T13:37:25","guid":{"rendered":"https:\/\/centroderecursosmarista.org\/?page_id=1885"},"modified":"2021-08-30T09:05:49","modified_gmt":"2021-08-30T13:05:49","slug":"recursos-de-interes","status":"publish","type":"page","link":"https:\/\/centroderecursosmarista.org\/?page_id=1885","title":{"rendered":"Recursos de Inter\u00e9s"},"content":{"rendered":"\n<figure class=\"wp-block-image\"><img decoding=\"async\" loading=\"lazy\" width=\"855\" height=\"497\" src=\"https:\/\/centroderecursosmarista.org\/wp-content\/uploads\/2021\/04\/Google-Acad\u00e9mico-1.png\" alt=\"\" class=\"wp-image-1902\" srcset=\"https:\/\/centroderecursosmarista.org\/wp-content\/uploads\/2021\/04\/Google-Acad\u00e9mico-1.png 855w, https:\/\/centroderecursosmarista.org\/wp-content\/uploads\/2021\/04\/Google-Acad\u00e9mico-1-300x174.png 300w, https:\/\/centroderecursosmarista.org\/wp-content\/uploads\/2021\/04\/Google-Acad\u00e9mico-1-768x446.png 768w, https:\/\/centroderecursosmarista.org\/wp-content\/uploads\/2021\/04\/Google-Acad\u00e9mico-1-730x424.png 730w\" sizes=\"(max-width: 855px) 100vw, 855px\" \/><figcaption><a href=\"https:\/\/scholar.google.es\/schhp?hl=es\">https:\/\/scholar.google.es\/schhp?hl=es<\/a><\/figcaption><\/figure>\n\n\n\n<h3 class=\"wp-block-heading\">Comprensi\u00f3n de Lectura<\/h3>\n\n\n\n<figure class=\"wp-block-image\"><img decoding=\"async\" loading=\"lazy\" width=\"1024\" height=\"464\" src=\"https:\/\/centroderecursosmarista.org\/wp-content\/uploads\/2021\/04\/Comprension-lectora-1-1-1024x464.png\" alt=\"\" class=\"wp-image-1897\" srcset=\"https:\/\/centroderecursosmarista.org\/wp-content\/uploads\/2021\/04\/Comprension-lectora-1-1-1024x464.png 1024w, https:\/\/centroderecursosmarista.org\/wp-content\/uploads\/2021\/04\/Comprension-lectora-1-1-300x136.png 300w, https:\/\/centroderecursosmarista.org\/wp-content\/uploads\/2021\/04\/Comprension-lectora-1-1-768x348.png 768w, https:\/\/centroderecursosmarista.org\/wp-content\/uploads\/2021\/04\/Comprension-lectora-1-1-730x331.png 730w, https:\/\/centroderecursosmarista.org\/wp-content\/uploads\/2021\/04\/Comprension-lectora-1-1.png 1360w\" sizes=\"(max-width: 1024px) 100vw, 1024px\" \/><figcaption><a href=\"https:\/\/www.canva.com\/es_mx\/aprende\/80-ejercicios-comprension-lectura\/\">https:\/\/www.canva.com\/es_mx\/aprende\/80-ejercicios-comprension-lectura\/<\/a><\/figcaption><\/figure>\n\n\n\n<figure class=\"wp-block-image\"><img decoding=\"async\" loading=\"lazy\" width=\"409\" height=\"302\" src=\"https:\/\/centroderecursosmarista.org\/wp-content\/uploads\/2021\/04\/Comprension-lectora-2.png\" alt=\"\" class=\"wp-image-1900\" srcset=\"https:\/\/centroderecursosmarista.org\/wp-content\/uploads\/2021\/04\/Comprension-lectora-2.png 409w, https:\/\/centroderecursosmarista.org\/wp-content\/uploads\/2021\/04\/Comprension-lectora-2-300x222.png 300w\" sizes=\"(max-width: 409px) 100vw, 409px\" \/><figcaption><a href=\"https:\/\/razonamiento-verbal1.blogspot.com\/2017\/11\/comprension-lectora-para-adolescentes.html\">https:\/\/razonamiento-verbal1.blogspot.com\/2017\/11\/comprension-lectora-para-adolescentes.html<\/a><\/figcaption><\/figure>\n\n\n\n<figure class=\"wp-block-embed is-type-video is-provider-youtube wp-block-embed-youtube wp-embed-aspect-16-9 wp-has-aspect-ratio\"><div class=\"wp-block-embed__wrapper\">\n<span class=\"embed-youtube\" style=\"text-align:center; display: block;\"><iframe loading=\"lazy\" class=\"youtube-player\" width=\"1280\" height=\"720\" src=\"https:\/\/www.youtube.com\/embed\/7DxiqSnE56Q?version=3&#038;rel=1&#038;showsearch=0&#038;showinfo=1&#038;iv_load_policy=1&#038;fs=1&#038;hl=en-US&#038;autohide=2&#038;start=1&#038;wmode=transparent\" allowfullscreen=\"true\" style=\"border:0;\" sandbox=\"allow-scripts allow-same-origin allow-popups allow-presentation\"><\/iframe><\/span>\n<\/div><\/figure>\n\n\n\n<h3 class=\"wp-block-heading\">Aplicaciones<\/h3>\n\n\n\n<div class=\"wp-block-image\"><figure class=\"alignleft\"><img decoding=\"async\" loading=\"lazy\" width=\"1024\" height=\"463\" src=\"https:\/\/centroderecursosmarista.org\/wp-content\/uploads\/2021\/04\/Apps-1024x463.png\" alt=\"\" class=\"wp-image-1915\" srcset=\"https:\/\/centroderecursosmarista.org\/wp-content\/uploads\/2021\/04\/Apps-1024x463.png 1024w, https:\/\/centroderecursosmarista.org\/wp-content\/uploads\/2021\/04\/Apps-300x136.png 300w, https:\/\/centroderecursosmarista.org\/wp-content\/uploads\/2021\/04\/Apps-768x347.png 768w, https:\/\/centroderecursosmarista.org\/wp-content\/uploads\/2021\/04\/Apps-730x330.png 730w, https:\/\/centroderecursosmarista.org\/wp-content\/uploads\/2021\/04\/Apps.png 1330w\" sizes=\"(max-width: 1024px) 100vw, 1024px\" \/><figcaption><a href=\"https:\/\/educrea.cl\/13-apps-estudiantes-no-te-puedes-perder\/\">https:\/\/educrea.cl\/13-apps-estudiantes-no-te-puedes-perder\/<\/a><\/figcaption><\/figure><\/div>\n\n\n\n<figure class=\"wp-block-image\"><img decoding=\"async\" loading=\"lazy\" width=\"715\" height=\"418\" src=\"https:\/\/centroderecursosmarista.org\/wp-content\/uploads\/2021\/04\/apps1.png\" alt=\"\" class=\"wp-image-1916\" srcset=\"https:\/\/centroderecursosmarista.org\/wp-content\/uploads\/2021\/04\/apps1.png 715w, https:\/\/centroderecursosmarista.org\/wp-content\/uploads\/2021\/04\/apps1-300x175.png 300w\" sizes=\"(max-width: 715px) 100vw, 715px\" \/><figcaption><a href=\"http:\/\/portalvirtualempleo.us.es\/las-mejores-apps-estudiantes\/\">http:\/\/portalvirtualempleo.us.es\/las-mejores-apps-estudiantes\/<\/a><\/figcaption><\/figure>\n\n\n\n<h3 class=\"wp-block-heading\">Creative Common<\/h3>\n\n\n\n<figure class=\"wp-block-image\"><img decoding=\"async\" loading=\"lazy\" width=\"872\" height=\"613\" src=\"https:\/\/centroderecursosmarista.org\/wp-content\/uploads\/2021\/04\/Creative-Commons.png\" alt=\"\" class=\"wp-image-1919\" srcset=\"https:\/\/centroderecursosmarista.org\/wp-content\/uploads\/2021\/04\/Creative-Commons.png 872w, https:\/\/centroderecursosmarista.org\/wp-content\/uploads\/2021\/04\/Creative-Commons-300x211.png 300w, https:\/\/centroderecursosmarista.org\/wp-content\/uploads\/2021\/04\/Creative-Commons-768x540.png 768w, https:\/\/centroderecursosmarista.org\/wp-content\/uploads\/2021\/04\/Creative-Commons-730x513.png 730w\" sizes=\"(max-width: 872px) 100vw, 872px\" \/><figcaption><a href=\"https:\/\/www.sitepoint.com\/creative-commons-sources\/\">https:\/\/www.sitepoint.com\/creative-commons-sources\/<\/a><\/figcaption><\/figure>\n\n\n\n<figure class=\"wp-block-embed is-type-video is-provider-youtube wp-block-embed-youtube wp-embed-aspect-16-9 wp-has-aspect-ratio\"><div class=\"wp-block-embed__wrapper\">\n<span class=\"embed-youtube\" style=\"text-align:center; display: block;\"><iframe loading=\"lazy\" class=\"youtube-player\" width=\"1280\" height=\"720\" src=\"https:\/\/www.youtube.com\/embed\/30I1oT57X0M?version=3&#038;rel=1&#038;showsearch=0&#038;showinfo=1&#038;iv_load_policy=1&#038;fs=1&#038;hl=en-US&#038;autohide=2&#038;wmode=transparent\" allowfullscreen=\"true\" style=\"border:0;\" sandbox=\"allow-scripts allow-same-origin allow-popups allow-presentation\"><\/iframe><\/span>\n<\/div><\/figure>\n\n\n\n<figure class=\"wp-block-image\"><img decoding=\"async\" loading=\"lazy\" width=\"1024\" height=\"510\" src=\"https:\/\/centroderecursosmarista.org\/wp-content\/uploads\/2021\/04\/CC1-1024x510.png\" alt=\"\" class=\"wp-image-1927\" srcset=\"https:\/\/centroderecursosmarista.org\/wp-content\/uploads\/2021\/04\/CC1-1024x510.png 1024w, https:\/\/centroderecursosmarista.org\/wp-content\/uploads\/2021\/04\/CC1-300x149.png 300w, https:\/\/centroderecursosmarista.org\/wp-content\/uploads\/2021\/04\/CC1-768x382.png 768w, https:\/\/centroderecursosmarista.org\/wp-content\/uploads\/2021\/04\/CC1-730x364.png 730w, https:\/\/centroderecursosmarista.org\/wp-content\/uploads\/2021\/04\/CC1.png 1267w\" sizes=\"(max-width: 1024px) 100vw, 1024px\" \/><figcaption><a href=\"https:\/\/creativecommons.org\/licenses\/?lang=es\">https:\/\/creativecommons.org\/licenses\/?lang=es<\/a><\/figcaption><\/figure>\n\n\n\n<figure class=\"wp-block-embed is-type-video is-provider-youtube wp-block-embed-youtube wp-embed-aspect-16-9 wp-has-aspect-ratio\"><div class=\"wp-block-embed__wrapper\">\n<span class=\"embed-youtube\" style=\"text-align:center; display: block;\"><iframe loading=\"lazy\" class=\"youtube-player\" width=\"1280\" height=\"720\" src=\"https:\/\/www.youtube.com\/embed\/Az4GhxyFJYE?version=3&#038;rel=1&#038;showsearch=0&#038;showinfo=1&#038;iv_load_policy=1&#038;fs=1&#038;hl=en-US&#038;autohide=2&#038;wmode=transparent\" allowfullscreen=\"true\" style=\"border:0;\" sandbox=\"allow-scripts allow-same-origin allow-popups allow-presentation\"><\/iframe><\/span>\n<\/div><\/figure>\n\n\n\n<h3 class=\"wp-block-heading\">Plagio y Derechos de Autor<\/h3>\n\n\n\n<figure class=\"wp-block-embed is-type-video is-provider-youtube wp-block-embed-youtube wp-embed-aspect-16-9 wp-has-aspect-ratio\"><div class=\"wp-block-embed__wrapper\">\n<span class=\"embed-youtube\" style=\"text-align:center; display: block;\"><iframe loading=\"lazy\" class=\"youtube-player\" width=\"1280\" height=\"720\" src=\"https:\/\/www.youtube.com\/embed\/u5ND5aKeAwU?version=3&#038;rel=1&#038;showsearch=0&#038;showinfo=1&#038;iv_load_policy=1&#038;fs=1&#038;hl=en-US&#038;autohide=2&#038;wmode=transparent\" allowfullscreen=\"true\" style=\"border:0;\" sandbox=\"allow-scripts allow-same-origin allow-popups allow-presentation\"><\/iframe><\/span>\n<\/div><\/figure>\n\n\n\n<figure class=\"wp-block-image\"><img decoding=\"async\" loading=\"lazy\" width=\"1024\" height=\"563\" src=\"https:\/\/centroderecursosmarista.org\/wp-content\/uploads\/2021\/04\/plagio-1024x563.png\" alt=\"\" class=\"wp-image-1928\" srcset=\"https:\/\/centroderecursosmarista.org\/wp-content\/uploads\/2021\/04\/plagio-1024x563.png 1024w, https:\/\/centroderecursosmarista.org\/wp-content\/uploads\/2021\/04\/plagio-300x165.png 300w, https:\/\/centroderecursosmarista.org\/wp-content\/uploads\/2021\/04\/plagio-768x422.png 768w, https:\/\/centroderecursosmarista.org\/wp-content\/uploads\/2021\/04\/plagio-730x402.png 730w, https:\/\/centroderecursosmarista.org\/wp-content\/uploads\/2021\/04\/plagio.png 1069w\" sizes=\"(max-width: 1024px) 100vw, 1024px\" \/><figcaption><a href=\"https:\/\/kidshealth.org\/es\/kids\/plagiarism-esp.html\">https:\/\/kidshealth.org\/es\/kids\/plagiarism-esp.html<\/a><\/figcaption><\/figure>\n\n\n\n<figure class=\"wp-block-embed is-type-video is-provider-youtube wp-block-embed-youtube wp-embed-aspect-16-9 wp-has-aspect-ratio\"><div class=\"wp-block-embed__wrapper\">\n<span class=\"embed-youtube\" style=\"text-align:center; display: block;\"><iframe loading=\"lazy\" class=\"youtube-player\" width=\"1280\" height=\"720\" src=\"https:\/\/www.youtube.com\/embed\/T73MD-TqOVg?version=3&#038;rel=1&#038;showsearch=0&#038;showinfo=1&#038;iv_load_policy=1&#038;fs=1&#038;hl=en-US&#038;autohide=2&#038;wmode=transparent\" allowfullscreen=\"true\" style=\"border:0;\" sandbox=\"allow-scripts allow-same-origin allow-popups allow-presentation\"><\/iframe><\/span>\n<\/div><\/figure>\n\n\n\n<figure class=\"wp-block-image\"><img decoding=\"async\" loading=\"lazy\" width=\"1024\" height=\"495\" src=\"https:\/\/centroderecursosmarista.org\/wp-content\/uploads\/2021\/04\/derechos-de-autor-1024x495.png\" alt=\"\" class=\"wp-image-1929\" srcset=\"https:\/\/centroderecursosmarista.org\/wp-content\/uploads\/2021\/04\/derechos-de-autor-1024x495.png 1024w, https:\/\/centroderecursosmarista.org\/wp-content\/uploads\/2021\/04\/derechos-de-autor-300x145.png 300w, https:\/\/centroderecursosmarista.org\/wp-content\/uploads\/2021\/04\/derechos-de-autor-768x371.png 768w, https:\/\/centroderecursosmarista.org\/wp-content\/uploads\/2021\/04\/derechos-de-autor-730x353.png 730w, https:\/\/centroderecursosmarista.org\/wp-content\/uploads\/2021\/04\/derechos-de-autor.png 1193w\" sizes=\"(max-width: 1024px) 100vw, 1024px\" \/><figcaption><a href=\"https:\/\/www.wipo.int\/copyright\/es\/\">https:\/\/www.wipo.int\/copyright\/es\/<\/a><\/figcaption><\/figure>\n\n\n\n<figure class=\"wp-block-embed is-type-video is-provider-youtube wp-block-embed-youtube wp-embed-aspect-16-9 wp-has-aspect-ratio\"><div class=\"wp-block-embed__wrapper\">\n<span class=\"embed-youtube\" style=\"text-align:center; display: block;\"><iframe loading=\"lazy\" class=\"youtube-player\" width=\"1280\" height=\"720\" src=\"https:\/\/www.youtube.com\/embed\/x4wNeX9wf18?version=3&#038;rel=1&#038;showsearch=0&#038;showinfo=1&#038;iv_load_policy=1&#038;fs=1&#038;hl=en-US&#038;autohide=2&#038;wmode=transparent\" allowfullscreen=\"true\" style=\"border:0;\" sandbox=\"allow-scripts allow-same-origin allow-popups allow-presentation\"><\/iframe><\/span>\n<\/div><\/figure>\n\n\n\n<h3 class=\"wp-block-heading\">B\u00fasqueda  Confiable y R\u00e1pida en Internet<\/h3>\n\n\n\n<figure class=\"wp-block-image\"><img decoding=\"async\" loading=\"lazy\" width=\"850\" height=\"485\" src=\"https:\/\/centroderecursosmarista.org\/wp-content\/uploads\/2021\/04\/Info1.png\" alt=\"\" class=\"wp-image-1925\" srcset=\"https:\/\/centroderecursosmarista.org\/wp-content\/uploads\/2021\/04\/Info1.png 850w, https:\/\/centroderecursosmarista.org\/wp-content\/uploads\/2021\/04\/Info1-300x171.png 300w, https:\/\/centroderecursosmarista.org\/wp-content\/uploads\/2021\/04\/Info1-768x438.png 768w, https:\/\/centroderecursosmarista.org\/wp-content\/uploads\/2021\/04\/Info1-730x417.png 730w\" sizes=\"(max-width: 850px) 100vw, 850px\" \/><figcaption><a href=\"https:\/\/tipsdetecnologia.com\/5-tips-para-buscar-rapido-y-eficiente-en-internet\">https:\/\/tipsdetecnologia.com\/5-tips-para-buscar-rapido-y-eficiente-en-internet<\/a><\/figcaption><\/figure>\n\n\n\n<figure class=\"wp-block-image\"><img decoding=\"async\" loading=\"lazy\" width=\"853\" height=\"653\" src=\"https:\/\/centroderecursosmarista.org\/wp-content\/uploads\/2021\/04\/INFO.png\" alt=\"\" class=\"wp-image-1924\" srcset=\"https:\/\/centroderecursosmarista.org\/wp-content\/uploads\/2021\/04\/INFO.png 853w, https:\/\/centroderecursosmarista.org\/wp-content\/uploads\/2021\/04\/INFO-300x230.png 300w, https:\/\/centroderecursosmarista.org\/wp-content\/uploads\/2021\/04\/INFO-768x588.png 768w, https:\/\/centroderecursosmarista.org\/wp-content\/uploads\/2021\/04\/INFO-730x559.png 730w\" sizes=\"(max-width: 853px) 100vw, 853px\" \/><figcaption><a href=\"https:\/\/www.universia.net\/co\/actualidad\/orientacion-academica\/como-encontrar-informacion-confiable-internet-1141716.html\">https:\/\/www.universia.net\/co\/actualidad\/orientacion-academica\/como-encontrar-informacion-confiable-internet-1141716.html<\/a><\/figcaption><\/figure>\n\n\n\n<figure class=\"wp-block-embed is-type-video is-provider-youtube wp-block-embed-youtube wp-embed-aspect-16-9 wp-has-aspect-ratio\"><div class=\"wp-block-embed__wrapper\">\n<span class=\"embed-youtube\" style=\"text-align:center; display: block;\"><iframe loading=\"lazy\" class=\"youtube-player\" width=\"1280\" height=\"720\" src=\"https:\/\/www.youtube.com\/embed\/VNjSCUxrvWQ?version=3&#038;rel=1&#038;showsearch=0&#038;showinfo=1&#038;iv_load_policy=1&#038;fs=1&#038;hl=en-US&#038;autohide=2&#038;wmode=transparent\" allowfullscreen=\"true\" style=\"border:0;\" sandbox=\"allow-scripts allow-same-origin allow-popups allow-presentation\"><\/iframe><\/span>\n<\/div><\/figure>\n\n\n\n<figure class=\"wp-block-embed is-type-video is-provider-youtube wp-block-embed-youtube wp-embed-aspect-16-9 wp-has-aspect-ratio\"><div class=\"wp-block-embed__wrapper\">\n<span class=\"embed-youtube\" style=\"text-align:center; display: block;\"><iframe loading=\"lazy\" class=\"youtube-player\" width=\"1280\" height=\"720\" src=\"https:\/\/www.youtube.com\/embed\/B3Z6wI2Ds7A?version=3&#038;rel=1&#038;showsearch=0&#038;showinfo=1&#038;iv_load_policy=1&#038;fs=1&#038;hl=en-US&#038;autohide=2&#038;start=207&#038;wmode=transparent\" allowfullscreen=\"true\" style=\"border:0;\" sandbox=\"allow-scripts allow-same-origin allow-popups allow-presentation\"><\/iframe><\/span>\n<\/div><\/figure>\n\n\n\n<figure class=\"wp-block-embed is-type-video is-provider-youtube wp-block-embed-youtube wp-embed-aspect-16-9 wp-has-aspect-ratio\"><div class=\"wp-block-embed__wrapper\">\n<span class=\"embed-youtube\" style=\"text-align:center; display: block;\"><iframe loading=\"lazy\" class=\"youtube-player\" width=\"1280\" height=\"720\" src=\"https:\/\/www.youtube.com\/embed\/VyKXnnjBCuk?version=3&#038;rel=1&#038;showsearch=0&#038;showinfo=1&#038;iv_load_policy=1&#038;fs=1&#038;hl=en-US&#038;autohide=2&#038;wmode=transparent\" allowfullscreen=\"true\" style=\"border:0;\" sandbox=\"allow-scripts allow-same-origin allow-popups allow-presentation\"><\/iframe><\/span>\n<\/div><\/figure>\n\n\n\n<h3 class=\"wp-block-heading\">P\u00e1ginas de Rese\u00f1as de Libros<\/h3>\n\n\n\n<figure class=\"wp-block-image\"><img decoding=\"async\" loading=\"lazy\" width=\"1024\" height=\"405\" src=\"https:\/\/centroderecursosmarista.org\/wp-content\/uploads\/2021\/04\/read-1-1024x405.png\" alt=\"\" class=\"wp-image-1933\" srcset=\"https:\/\/centroderecursosmarista.org\/wp-content\/uploads\/2021\/04\/read-1-1024x405.png 1024w, https:\/\/centroderecursosmarista.org\/wp-content\/uploads\/2021\/04\/read-1-300x119.png 300w, https:\/\/centroderecursosmarista.org\/wp-content\/uploads\/2021\/04\/read-1-768x303.png 768w, https:\/\/centroderecursosmarista.org\/wp-content\/uploads\/2021\/04\/read-1-730x288.png 730w, https:\/\/centroderecursosmarista.org\/wp-content\/uploads\/2021\/04\/read-1.png 1245w\" sizes=\"(max-width: 1024px) 100vw, 1024px\" \/><figcaption><a href=\"https:\/\/www.goodreads.com\/\">https:\/\/www.goodreads.com\/<\/a><\/figcaption><\/figure>\n\n\n\n<figure class=\"wp-block-image\"><img decoding=\"async\" loading=\"lazy\" width=\"1024\" height=\"438\" src=\"https:\/\/centroderecursosmarista.org\/wp-content\/uploads\/2021\/04\/lib-1-1024x438.png\" alt=\"\" class=\"wp-image-1937\" srcset=\"https:\/\/centroderecursosmarista.org\/wp-content\/uploads\/2021\/04\/lib-1-1024x438.png 1024w, https:\/\/centroderecursosmarista.org\/wp-content\/uploads\/2021\/04\/lib-1-300x128.png 300w, https:\/\/centroderecursosmarista.org\/wp-content\/uploads\/2021\/04\/lib-1-768x329.png 768w, https:\/\/centroderecursosmarista.org\/wp-content\/uploads\/2021\/04\/lib-1-730x312.png 730w, https:\/\/centroderecursosmarista.org\/wp-content\/uploads\/2021\/04\/lib-1.png 1126w\" sizes=\"(max-width: 1024px) 100vw, 1024px\" \/><figcaption><a href=\"https:\/\/www.librosyliteratura.es\/\">https:\/\/www.librosyliteratura.es\/<\/a><\/figcaption><\/figure>\n\n\n\n<figure class=\"wp-block-image\"><img decoding=\"async\" loading=\"lazy\" width=\"1024\" height=\"536\" src=\"https:\/\/centroderecursosmarista.org\/wp-content\/uploads\/2021\/04\/lib1-1024x536.png\" alt=\"\" class=\"wp-image-1938\" srcset=\"https:\/\/centroderecursosmarista.org\/wp-content\/uploads\/2021\/04\/lib1-1024x536.png 1024w, https:\/\/centroderecursosmarista.org\/wp-content\/uploads\/2021\/04\/lib1-300x157.png 300w, https:\/\/centroderecursosmarista.org\/wp-content\/uploads\/2021\/04\/lib1-768x402.png 768w, https:\/\/centroderecursosmarista.org\/wp-content\/uploads\/2021\/04\/lib1-730x382.png 730w, https:\/\/centroderecursosmarista.org\/wp-content\/uploads\/2021\/04\/lib1.png 1193w\" sizes=\"(max-width: 1024px) 100vw, 1024px\" \/><figcaption><a href=\"https:\/\/www.librosyliteratura.es\/\">https:\/\/www.librosyliteratura.es\/<\/a><\/figcaption><\/figure>\n","protected":false},"excerpt":{"rendered":"<p>Comprensi\u00f3n de Lectura Aplicaciones Creative Common Plagio y Derechos de Autor B\u00fasqueda Confiable y R\u00e1pida en Internet P\u00e1ginas de Rese\u00f1as de Libros<\/p>\n","protected":false},"author":1,"featured_media":0,"parent":0,"menu_order":0,"comment_status":"closed","ping_status":"closed","template":"","meta":{"jetpack_post_was_ever_published":false},"jetpack_sharing_enabled":true,"jetpack_shortlink":"https:\/\/wp.me\/P3q1yj-up","_links":{"self":[{"href":"https:\/\/centroderecursosmarista.org\/index.php?rest_route=\/wp\/v2\/pages\/1885"}],"collection":[{"href":"https:\/\/centroderecursosmarista.org\/index.php?rest_route=\/wp\/v2\/pages"}],"about":[{"href":"https:\/\/centroderecursosmarista.org\/index.php?rest_route=\/wp\/v2\/types\/page"}],"author":[{"embeddable":true,"href":"https:\/\/centroderecursosmarista.org\/index.php?rest_route=\/wp\/v2\/users\/1"}],"replies":[{"embeddable":true,"href":"https:\/\/centroderecursosmarista.org\/index.php?rest_route=%2Fwp%2Fv2%2Fcomments&post=1885"}],"version-history":[{"count":17,"href":"https:\/\/centroderecursosmarista.org\/index.php?rest_route=\/wp\/v2\/pages\/1885\/revisions"}],"predecessor-version":[{"id":2001,"href":"https:\/\/centroderecursosmarista.org\/index.php?rest_route=\/wp\/v2\/pages\/1885\/revisions\/2001"}],"wp:attachment":[{"href":"https:\/\/centroderecursosmarista.org\/index.php?rest_route=%2Fwp%2Fv2%2Fmedia&parent=1885"}],"curies":[{"name":"wp","href":"https:\/\/api.w.org\/{rel}","templated":true}]}}