{"id":18,"date":"2013-03-20T19:04:47","date_gmt":"2013-03-20T19:04:47","guid":{"rendered":"https:\/\/centroderecursosmarista.org\/?page_id=18"},"modified":"2019-01-24T09:10:17","modified_gmt":"2019-01-24T13:10:17","slug":"deportes","status":"publish","type":"page","link":"https:\/\/centroderecursosmarista.org\/?page_id=18","title":{"rendered":"Deportes"},"content":{"rendered":"<div class=\"wpb_row vc_row-fluid \"> \n\t<div class=\"vc_span12 wpb_column column_container\">\n\t\t<div class=\"wpb_wrapper\">\n\t\t\t \n\t<div class=\"wpb_accordion wpb_content_element  not-column-inherit\">\n\t\t<div class=\"wpb_wrapper wpb_accordion_wrapper ui-accordion\">\n\t\t\t \n\t\t\t<div class=\"wpb_accordion_section group\">\n\t\t\t\t<h3 class=\"ui-accordion-header\"><a href=\"#\">BSN<\/a><\/h3>\n\t\t\t\t<div class=\"wpb_row vc_row-fluid ui-accordion-content\">\n\t\t\t\t \n\t<div class=\"wpb_gallery wpb_content_element clearfix\">\n\t\t<div class=\"wpb_wrapper\"><div class=\"wpb_gallery_slides wpb_flexslider flexslider_fade flexslider\" data-interval=\"3\" data-flex_fx=\"fade\"><ul class=\"slides\"><li><a href=\"http:\/\/www.bsnpr.com\/\" target=\"_self\"><img src=\"https:\/\/centroderecursosmarista.org\/wp-content\/uploads\/2013\/03\/bsn.jpg\" width=\"480\" height=\"250\" alt=\"bsn\" \/><\/a><\/li><li><img src=\"https:\/\/centroderecursosmarista.org\/wp-content\/uploads\/2013\/03\/bsn1.jpg\" width=\"480\" height=\"250\" alt=\"bsn1\" \/><\/li><\/ul><\/div>\n\t\t<\/div> \n\t<\/div>  <a class=\"wpb_button_a\" title=\"Ver P\u00e1gina Web\" href=\"http:\/\/www.bsnpr.com\/\"><span class=\"wpb_button  wpb_btn-info wpb_regularsize\">Ver P\u00e1gina Web<\/span><\/a>\n \n\t\t\t\t<\/div>\n\t\t\t<\/div> \n \n\t\t\t<div class=\"wpb_accordion_section group\">\n\t\t\t\t<h3 class=\"ui-accordion-header\"><a href=\"#\">Federaci\u00f3n Puertorrique\u00f1a de Volibol<\/a><\/h3>\n\t\t\t\t<div class=\"wpb_row vc_row-fluid ui-accordion-content\">\n\t\t\t\t \n\t<div class=\"wpb_gallery wpb_content_element clearfix\">\n\t\t<div class=\"wpb_wrapper\"><div class=\"wpb_gallery_slides wpb_flexslider flexslider_fade flexslider\" data-interval=\"3\" data-flex_fx=\"fade\"><ul class=\"slides\"><li><a href=\"http:\/\/www.fpvoleibol.com\/LVSF.html\" target=\"_self\"><img src=\"https:\/\/centroderecursosmarista.org\/wp-content\/uploads\/2013\/03\/volibol.jpg\" width=\"480\" height=\"250\" alt=\"volibol\" \/><\/a><\/li><li><img src=\"https:\/\/centroderecursosmarista.org\/wp-content\/uploads\/2013\/03\/volibol1.jpg\" width=\"480\" height=\"250\" alt=\"volibol1\" \/><\/li><\/ul><\/div>\n\t\t<\/div> \n\t<\/div>  <a class=\"wpb_button_a\" title=\"Ver P\u00e1gina Web\" href=\"http:\/\/yosoyvoli.com\/\"><span class=\"wpb_button  wpb_btn-info wpb_regularsize\">Ver P\u00e1gina Web<\/span><\/a>\n \n\t\t\t\t<\/div>\n\t\t\t<\/div> \n \n\t\t\t<div class=\"wpb_accordion_section group\">\n\t\t\t\t<h3 class=\"ui-accordion-header\"><a href=\"#\">Liga Beisbol Profesional Roberto Clemente<\/a><\/h3>\n\t\t\t\t<div class=\"wpb_row vc_row-fluid ui-accordion-content\">\n\t\t\t\t \n\t<div class=\"wpb_gallery wpb_content_element clearfix\">\n\t\t<div class=\"wpb_wrapper\"><div class=\"wpb_gallery_slides wpb_flexslider flexslider_fade flexslider\" data-interval=\"3\" data-flex_fx=\"fade\"><ul class=\"slides\"><li><a href=\"http:\/\/www.ligapr.com\/\" target=\"_self\"><img src=\"https:\/\/centroderecursosmarista.org\/wp-content\/uploads\/2013\/03\/liga.jpg\" width=\"480\" height=\"250\" alt=\"liga\" \/><\/a><\/li><li><img src=\"https:\/\/centroderecursosmarista.org\/wp-content\/uploads\/2013\/03\/liga1.jpg\" width=\"480\" height=\"250\" alt=\"liga1\" \/><\/li><\/ul><\/div>\n\t\t<\/div> \n\t<\/div>  <a class=\"wpb_button_a\" title=\"Ver P\u00e1gina Web\" href=\"http:\/\/www.ligapr.com\/\"><span class=\"wpb_button  wpb_btn-info wpb_regularsize\">Ver P\u00e1gina Web<\/span><\/a>\n \n\t\t\t\t<\/div>\n\t\t\t<\/div> \n \n\t\t\t<div class=\"wpb_accordion_section group\">\n\t\t\t\t<h3 class=\"ui-accordion-header\"><a href=\"#\">MLB<\/a><\/h3>\n\t\t\t\t<div class=\"wpb_row vc_row-fluid ui-accordion-content\">\n\t\t\t\t \n\t<div class=\"wpb_gallery wpb_content_element clearfix\">\n\t\t<div class=\"wpb_wrapper\"><div class=\"wpb_gallery_slides wpb_flexslider flexslider_fade flexslider\" data-interval=\"3\" data-flex_fx=\"fade\"><ul class=\"slides\"><li><a href=\"http:\/\/mlb.mlb.com\/\" target=\"_self\"><img src=\"https:\/\/centroderecursosmarista.org\/wp-content\/uploads\/2013\/03\/mlb1.jpg\" width=\"480\" height=\"250\" alt=\"mlb1\" \/><\/a><\/li><li><img src=\"https:\/\/centroderecursosmarista.org\/wp-content\/uploads\/2013\/03\/mlb.jpg\" width=\"480\" height=\"250\" alt=\"mlb\" \/><\/li><\/ul><\/div>\n\t\t<\/div> \n\t<\/div>  <a class=\"wpb_button_a\" title=\"Ver P\u00e1gina Web\" href=\"http:\/\/mlb.mlb.com\/\"><span class=\"wpb_button  wpb_btn-info wpb_regularsize\">Ver P\u00e1gina Web<\/span><\/a>\n \n\t\t\t\t<\/div>\n\t\t\t<\/div> \n \n\t\t\t<div class=\"wpb_accordion_section group\">\n\t\t\t\t<h3 class=\"ui-accordion-header\"><a href=\"#\">NBA<\/a><\/h3>\n\t\t\t\t<div class=\"wpb_row vc_row-fluid ui-accordion-content\">\n\t\t\t\t \n\t<div class=\"wpb_gallery wpb_content_element clearfix\">\n\t\t<div class=\"wpb_wrapper\"><div class=\"wpb_gallery_slides wpb_flexslider flexslider_fade flexslider\" data-interval=\"3\" data-flex_fx=\"fade\"><ul class=\"slides\"><li><a href=\"http:\/\/www.nba.com\/\" target=\"_self\"><img src=\"https:\/\/centroderecursosmarista.org\/wp-content\/uploads\/2013\/03\/NBA.jpg\" width=\"480\" height=\"250\" alt=\"NBA\" \/><\/a><\/li><li><img src=\"https:\/\/centroderecursosmarista.org\/wp-content\/uploads\/2013\/03\/NBA1.jpg\" width=\"480\" height=\"250\" alt=\"NBA1\" \/><\/li><\/ul><\/div>\n\t\t<\/div> \n\t<\/div>  <a class=\"wpb_button_a\" title=\"Ver P\u00e1gina Web\" href=\"http:\/\/www.nba.com\/\"><span class=\"wpb_button  wpb_btn-info wpb_regularsize\">Ver P\u00e1gina Web<\/span><\/a>\n \n\t\t\t\t<\/div>\n\t\t\t<\/div> \n \n\t\t\t<div class=\"wpb_accordion_section group\">\n\t\t\t\t<h3 class=\"ui-accordion-header\"><a href=\"#\">NFL<\/a><\/h3>\n\t\t\t\t<div class=\"wpb_row vc_row-fluid ui-accordion-content\">\n\t\t\t\t \n\t<div class=\"wpb_gallery wpb_content_element clearfix\">\n\t\t<div class=\"wpb_wrapper\"><div class=\"wpb_gallery_slides wpb_flexslider flexslider_fade flexslider\" data-interval=\"3\" data-flex_fx=\"fade\"><ul class=\"slides\"><li><a href=\"http:\/\/www.nfl.com\/\" target=\"_self\"><img src=\"https:\/\/centroderecursosmarista.org\/wp-content\/uploads\/2013\/03\/nfl.jpg\" width=\"480\" height=\"250\" alt=\"nfl\" \/><\/a><\/li><li><img src=\"https:\/\/centroderecursosmarista.org\/wp-content\/uploads\/2013\/03\/nfl1.jpg\" width=\"480\" height=\"250\" alt=\"nfl1\" \/><\/li><\/ul><\/div>\n\t\t<\/div> \n\t<\/div>  <a class=\"wpb_button_a\" title=\"Ver P\u00e1gina Web\" href=\"http:\/\/www.nfl.com\/\"><span class=\"wpb_button  wpb_btn-info wpb_regularsize\">Ver P\u00e1gina Web<\/span><\/a>\n \n\t\t\t\t<\/div>\n\t\t\t<\/div> \n \n\t\t\t<div class=\"wpb_accordion_section group\">\n\t\t\t\t<h3 class=\"ui-accordion-header\"><a href=\"#\">Liga BBVA<\/a><\/h3>\n\t\t\t\t<div class=\"wpb_row vc_row-fluid ui-accordion-content\">\n\t\t\t\t \n\t<div class=\"wpb_gallery wpb_content_element clearfix\">\n\t\t<div class=\"wpb_wrapper\"><div class=\"wpb_gallery_slides wpb_flexslider flexslider_fade flexslider\" data-interval=\"3\" data-flex_fx=\"fade\"><ul class=\"slides\"><li><a href=\"http:\/\/www.ligabbva.com\/\" target=\"_self\"><img src=\"https:\/\/centroderecursosmarista.org\/wp-content\/uploads\/2013\/03\/bbva.jpg\" width=\"480\" height=\"250\" alt=\"bbva\" \/><\/a><\/li><li><img src=\"https:\/\/centroderecursosmarista.org\/wp-content\/uploads\/2013\/03\/bbva1.jpg\" width=\"480\" height=\"250\" alt=\"bbva1\" \/><\/li><\/ul><\/div>\n\t\t<\/div> \n\t<\/div>  <a class=\"wpb_button_a\" title=\"Ver P\u00e1gina Web\" href=\"http:\/\/www.ligabbva.com\/\"><span class=\"wpb_button  wpb_btn-info wpb_regularsize\">Ver P\u00e1gina Web<\/span><\/a>\n \n\t\t\t\t<\/div>\n\t\t\t<\/div> \n \n\t\t\t<div class=\"wpb_accordion_section group\">\n\t\t\t\t<h3 class=\"ui-accordion-header\"><a href=\"#\">FIFA<\/a><\/h3>\n\t\t\t\t<div class=\"wpb_row vc_row-fluid ui-accordion-content\">\n\t\t\t\t \n\t<div class=\"wpb_gallery wpb_content_element clearfix\">\n\t\t<div class=\"wpb_wrapper\"><div class=\"wpb_gallery_slides wpb_flexslider flexslider_fade flexslider\" data-interval=\"3\" data-flex_fx=\"fade\"><ul class=\"slides\"><li><a href=\"http:\/\/www.fifa.com\/\" target=\"_self\"><img src=\"https:\/\/centroderecursosmarista.org\/wp-content\/uploads\/2013\/03\/FIFA.jpg\" width=\"480\" height=\"250\" alt=\"FIFA\" \/><\/a><\/li><li><img src=\"https:\/\/centroderecursosmarista.org\/wp-content\/uploads\/2013\/03\/FIFA1.jpg\" width=\"480\" height=\"250\" alt=\"FIFA1\" \/><\/li><\/ul><\/div>\n\t\t<\/div> \n\t<\/div>  <a class=\"wpb_button_a\" title=\"Ver P\u00e1gina Web\" href=\"http:\/\/www.fifa.com\/\"><span class=\"wpb_button  wpb_btn-info wpb_regularsize\">Ver P\u00e1gina Web<\/span><\/a>\n \n\t\t\t\t<\/div>\n\t\t\t<\/div> \n \n\t\t\t<div class=\"wpb_accordion_section group\">\n\t\t\t\t<h3 class=\"ui-accordion-header\"><a href=\"#\">Mundo Deportivo<\/a><\/h3>\n\t\t\t\t<div class=\"wpb_row vc_row-fluid ui-accordion-content\">\n\t\t\t\t \n\t<div class=\"wpb_gallery wpb_content_element clearfix\">\n\t\t<div class=\"wpb_wrapper\"><div class=\"wpb_gallery_slides wpb_flexslider flexslider_fade flexslider\" data-interval=\"3\" data-flex_fx=\"fade\"><ul class=\"slides\"><li><a href=\"http:\/\/www.mundodeportivo.com\/index.html\" target=\"_self\"><img src=\"https:\/\/centroderecursosmarista.org\/wp-content\/uploads\/2013\/03\/MUNDO.jpg\" width=\"480\" height=\"250\" alt=\"MUNDO\" \/><\/a><\/li><li><img src=\"https:\/\/centroderecursosmarista.org\/wp-content\/uploads\/2013\/03\/MUNDO1.jpg\" width=\"480\" height=\"250\" alt=\"MUNDO1\" \/><\/li><\/ul><\/div>\n\t\t<\/div> \n\t<\/div>  <a class=\"wpb_button_a\" title=\"Ver P\u00e1gina Web\" href=\"http:\/\/www.mundodeportivo.com\/index.html\"><span class=\"wpb_button  wpb_btn-info wpb_regularsize\">Ver P\u00e1gina Web<\/span><\/a>\n \n\t\t\t\t<\/div>\n\t\t\t<\/div> \n \n\t\t<\/div> \n\t<\/div>  \n\t\t<\/div> \n\t<\/div> \n <\/div>\n","protected":false},"excerpt":{"rendered":"BSN Ver P\u00e1gina Web Federaci\u00f3n Puertorrique\u00f1a de Volibol Ver P\u00e1gina Web Liga Beisbol Profesional Roberto Clemente Ver P\u00e1gina Web MLB Ver P\u00e1gina Web NBA Ver P\u00e1gina Web NFL Ver P\u00e1gina [...]","protected":false},"author":1,"featured_media":0,"parent":0,"menu_order":0,"comment_status":"open","ping_status":"open","template":"","meta":{"jetpack_post_was_ever_published":false},"jetpack_sharing_enabled":true,"jetpack_shortlink":"https:\/\/wp.me\/P3q1yj-i","_links":{"self":[{"href":"https:\/\/centroderecursosmarista.org\/index.php?rest_route=\/wp\/v2\/pages\/18"}],"collection":[{"href":"https:\/\/centroderecursosmarista.org\/index.php?rest_route=\/wp\/v2\/pages"}],"about":[{"href":"https:\/\/centroderecursosmarista.org\/index.php?rest_route=\/wp\/v2\/types\/page"}],"author":[{"embeddable":true,"href":"https:\/\/centroderecursosmarista.org\/index.php?rest_route=\/wp\/v2\/users\/1"}],"replies":[{"embeddable":true,"href":"https:\/\/centroderecursosmarista.org\/index.php?rest_route=%2Fwp%2Fv2%2Fcomments&post=18"}],"version-history":[{"count":10,"href":"https:\/\/centroderecursosmarista.org\/index.php?rest_route=\/wp\/v2\/pages\/18\/revisions"}],"predecessor-version":[{"id":961,"href":"https:\/\/centroderecursosmarista.org\/index.php?rest_route=\/wp\/v2\/pages\/18\/revisions\/961"}],"wp:attachment":[{"href":"https:\/\/centroderecursosmarista.org\/index.php?rest_route=%2Fwp%2Fv2%2Fmedia&parent=18"}],"curies":[{"name":"wp","href":"https:\/\/api.w.org\/{rel}","templated":true}]}}