{"id":14,"date":"2013-03-20T19:03:50","date_gmt":"2013-03-20T19:03:50","guid":{"rendered":"https:\/\/centroderecursosmarista.org\/?page_id=14"},"modified":"2017-01-17T14:53:14","modified_gmt":"2017-01-17T18:53:14","slug":"periodicos","status":"publish","type":"page","link":"https:\/\/centroderecursosmarista.org\/?page_id=14","title":{"rendered":"Peri\u00f3dicos"},"content":{"rendered":"<div class=\"wpb_row vc_row-fluid \"> \n\t<div class=\"vc_span12 wpb_column column_container\">\n\t\t<div class=\"wpb_wrapper\">\n\t\t\t \n\t<div class=\"wpb_accordion wpb_content_element  not-column-inherit\">\n\t\t<div class=\"wpb_wrapper wpb_accordion_wrapper ui-accordion\">\n\t\t\t \n\t\t\t<div class=\"wpb_accordion_section group\">\n\t\t\t\t<h3 class=\"ui-accordion-header\"><a href=\"#\">El Nuevo D\u00eda<\/a><\/h3>\n\t\t\t\t<div class=\"wpb_row vc_row-fluid ui-accordion-content\">\n\t\t\t\t \n\t<div class=\"wpb_gallery wpb_content_element clearfix\">\n\t\t<div class=\"wpb_wrapper\"><div class=\"wpb_gallery_slides wpb_flexslider flexslider_fade flexslider\" data-interval=\"3\" data-flex_fx=\"fade\"><ul class=\"slides\"><li><a class=\"prettyphoto\" rel=\"prettyPhoto[rel-509919144]\" href=\"https:\/\/centroderecursosmarista.org\/wp-content\/uploads\/2013\/03\/endi1.jpg\"><img src=\"https:\/\/centroderecursosmarista.org\/wp-content\/uploads\/2013\/03\/endi1.jpg\" width=\"480\" height=\"250\" alt=\"endi1\" \/><\/a><\/li><li><a class=\"prettyphoto\" rel=\"prettyPhoto[rel-509919144]\" href=\"https:\/\/centroderecursosmarista.org\/wp-content\/uploads\/2013\/03\/endi.jpg\"><img src=\"https:\/\/centroderecursosmarista.org\/wp-content\/uploads\/2013\/03\/endi.jpg\" width=\"480\" height=\"250\" alt=\"endi\" \/><\/a><\/li><\/ul><\/div>\n\t\t<\/div> \n\t<\/div>  <a class=\"wpb_button_a\" title=\"Ver P\u00e1gina Web\" href=\"www.endi.com\"><span class=\"wpb_button  wpb_btn-info wpb_regularsize\">Ver P\u00e1gina Web<\/span><\/a>\n \n\t\t\t\t<\/div>\n\t\t\t<\/div> \n \n\t\t\t<div class=\"wpb_accordion_section group\">\n\t\t\t\t<h3 class=\"ui-accordion-header\"><a href=\"#\">Primera Hora<\/a><\/h3>\n\t\t\t\t<div class=\"wpb_row vc_row-fluid ui-accordion-content\">\n\t\t\t\t \n\t<div class=\"wpb_gallery wpb_content_element clearfix\">\n\t\t<div class=\"wpb_wrapper\"><div class=\"wpb_gallery_slides wpb_flexslider flexslider_fade flexslider\" data-interval=\"3\" data-flex_fx=\"fade\"><ul class=\"slides\"><li><a href=\"http:\/\/www.primerahora.com\/\" target=\"_self\"><img src=\"https:\/\/centroderecursosmarista.org\/wp-content\/uploads\/2013\/03\/primerahora.jpg\" width=\"480\" height=\"250\" alt=\"primerahora\" \/><\/a><\/li><li><img src=\"https:\/\/centroderecursosmarista.org\/wp-content\/uploads\/2013\/03\/primerahora1.jpg\" width=\"480\" height=\"250\" alt=\"primerahora1\" \/><\/li><\/ul><\/div>\n\t\t<\/div> \n\t<\/div>  <a class=\"wpb_button_a\" title=\"Ver P\u00e1gina Web\" href=\"http:\/\/www.primerahora.com\/\"><span class=\"wpb_button  wpb_btn-info wpb_regularsize\">Ver P\u00e1gina Web<\/span><\/a>\n \n\t\t\t\t<\/div>\n\t\t\t<\/div> \n \n\t\t\t<div class=\"wpb_accordion_section group\">\n\t\t\t\t<h3 class=\"ui-accordion-header\"><a href=\"#\">El Vocero<\/a><\/h3>\n\t\t\t\t<div class=\"wpb_row vc_row-fluid ui-accordion-content\">\n\t\t\t\t \n\t<div class=\"wpb_gallery wpb_content_element clearfix\">\n\t\t<div class=\"wpb_wrapper\"><div class=\"wpb_gallery_slides wpb_flexslider flexslider_fade flexslider\" data-interval=\"3\" data-flex_fx=\"fade\"><ul class=\"slides\"><li><a href=\"http:\/\/www.vocero.com\/\" target=\"_self\"><img src=\"https:\/\/centroderecursosmarista.org\/wp-content\/uploads\/2013\/03\/vocer.jpg\" width=\"480\" height=\"250\" alt=\"vocer\" \/><\/a><\/li><li><img src=\"https:\/\/centroderecursosmarista.org\/wp-content\/uploads\/2013\/03\/vocero1.jpg\" width=\"480\" height=\"250\" alt=\"vocero1\" \/><\/li><\/ul><\/div>\n\t\t<\/div> \n\t<\/div>  <a class=\"wpb_button_a\" title=\"Ver P\u00e1gina Web\" href=\"http:\/\/www.vocero.com\/\"><span class=\"wpb_button  wpb_btn-info wpb_regularsize\">Ver P\u00e1gina Web<\/span><\/a>\n \n\t\t\t\t<\/div>\n\t\t\t<\/div> \n \n\t\t\t<div class=\"wpb_accordion_section group\">\n\t\t\t\t<h3 class=\"ui-accordion-header\"><a href=\"#\">Caribbean Business<\/a><\/h3>\n\t\t\t\t<div class=\"wpb_row vc_row-fluid ui-accordion-content\">\n\t\t\t\t \n\t<div class=\"wpb_gallery wpb_content_element clearfix\">\n\t\t<div class=\"wpb_wrapper\"><div class=\"wpb_gallery_slides wpb_flexslider flexslider_fade flexslider\" data-interval=\"3\" data-flex_fx=\"fade\"><ul class=\"slides\"><li><a href=\"http:\/\/caribbeanbusiness.com\/\" target=\"_self\"><img src=\"https:\/\/centroderecursosmarista.org\/wp-content\/uploads\/2013\/03\/caribbean.jpg\" width=\"480\" height=\"250\" alt=\"caribbean\" \/><\/a><\/li><li><img src=\"https:\/\/centroderecursosmarista.org\/wp-content\/uploads\/2013\/03\/caribbean1.jpg\" width=\"480\" height=\"250\" alt=\"caribbean1\" \/><\/li><\/ul><\/div>\n\t\t<\/div> \n\t<\/div>  <a class=\"wpb_button_a\" title=\"Ver P\u00e1gina Web\" href=\"http:\/\/caribbeanbusiness.com\/\"><span class=\"wpb_button  wpb_btn-info wpb_regularsize\">Ver P\u00e1gina Web<\/span><\/a>\n \n\t\t\t\t<\/div>\n\t\t\t<\/div> \n \n\t\t\t<div class=\"wpb_accordion_section group\">\n\t\t\t\t<h3 class=\"ui-accordion-header\"><a href=\"#\">The New York Times<\/a><\/h3>\n\t\t\t\t<div class=\"wpb_row vc_row-fluid ui-accordion-content\">\n\t\t\t\t \n\t<div class=\"wpb_gallery wpb_content_element clearfix\">\n\t\t<div class=\"wpb_wrapper\"><div class=\"wpb_gallery_slides wpb_flexslider flexslider_fade flexslider\" data-interval=\"3\" data-flex_fx=\"fade\"><ul class=\"slides\"><li><a href=\"http:\/\/www.nytimes.com\/\" target=\"_self\"><img src=\"https:\/\/centroderecursosmarista.org\/wp-content\/uploads\/2013\/03\/nytimes.jpg\" width=\"480\" height=\"250\" alt=\"nytimes\" \/><\/a><\/li><li><img src=\"https:\/\/centroderecursosmarista.org\/wp-content\/uploads\/2013\/03\/nytimes1.jpg\" width=\"480\" height=\"250\" alt=\"nytimes1\" \/><\/li><\/ul><\/div>\n\t\t<\/div> \n\t<\/div>  <a class=\"wpb_button_a\" title=\"Ver P\u00e1gina Web\" href=\"http:\/\/www.nytimes.com\/\"><span class=\"wpb_button  wpb_btn-info wpb_regularsize\">Ver P\u00e1gina Web<\/span><\/a>\n \n\t\t\t\t<\/div>\n\t\t\t<\/div> \n \n\t\t\t<div class=\"wpb_accordion_section group\">\n\t\t\t\t<h3 class=\"ui-accordion-header\"><a href=\"#\">USA Today<\/a><\/h3>\n\t\t\t\t<div class=\"wpb_row vc_row-fluid ui-accordion-content\">\n\t\t\t\t \n\t<div class=\"wpb_gallery wpb_content_element clearfix\">\n\t\t<div class=\"wpb_wrapper\"><div class=\"wpb_gallery_slides wpb_flexslider flexslider_fade flexslider\" data-interval=\"3\" data-flex_fx=\"fade\"><ul class=\"slides\"><li><a href=\"http:\/\/www.usatoday.com\/\" target=\"_self\"><img src=\"https:\/\/centroderecursosmarista.org\/wp-content\/uploads\/2013\/03\/USTODAY.jpg\" width=\"480\" height=\"250\" alt=\"USTODAY\" \/><\/a><\/li><li><img src=\"https:\/\/centroderecursosmarista.org\/wp-content\/uploads\/2013\/03\/USTODAY1.jpg\" width=\"480\" height=\"250\" alt=\"USTODAY1\" \/><\/li><\/ul><\/div>\n\t\t<\/div> \n\t<\/div>  <a class=\"wpb_button_a\" title=\"Ver P\u00e1gina Web\" href=\"http:\/\/www.usatoday.com\/\"><span class=\"wpb_button  wpb_btn-info wpb_regularsize\">Ver P\u00e1gina Web<\/span><\/a>\n \n\t\t\t\t<\/div>\n\t\t\t<\/div> \n \n\t\t\t<div class=\"wpb_accordion_section group\">\n\t\t\t\t<h3 class=\"ui-accordion-header\"><a href=\"#\">El Pa\u00eds<\/a><\/h3>\n\t\t\t\t<div class=\"wpb_row vc_row-fluid ui-accordion-content\">\n\t\t\t\t \n\t<div class=\"wpb_gallery wpb_content_element clearfix\">\n\t\t<div class=\"wpb_wrapper\"><div class=\"wpb_gallery_slides wpb_flexslider flexslider_fade flexslider\" data-interval=\"3\" data-flex_fx=\"fade\"><ul class=\"slides\"><li><a href=\"http:\/\/elpais.com\/elpais\/portada_america.html\" target=\"_self\"><img src=\"https:\/\/centroderecursosmarista.org\/wp-content\/uploads\/2013\/03\/elpais.jpg\" width=\"480\" height=\"250\" alt=\"elpais\" \/><\/a><\/li><li><img src=\"https:\/\/centroderecursosmarista.org\/wp-content\/uploads\/2013\/03\/elpais1.jpg\" width=\"480\" height=\"250\" alt=\"elpais1\" \/><\/li><\/ul><\/div>\n\t\t<\/div> \n\t<\/div>  <a class=\"wpb_button_a\" title=\"Ver P\u00e1gina Web\" href=\"http:\/\/elpais.com\/elpais\/portada_america.html\"><span class=\"wpb_button  wpb_btn-info wpb_regularsize\">Ver P\u00e1gina Web<\/span><\/a>\n \n\t\t\t\t<\/div>\n\t\t\t<\/div> \n \n\t\t\t<div class=\"wpb_accordion_section group\">\n\t\t\t\t<h3 class=\"ui-accordion-header\"><a href=\"#\">Aciprensa<\/a><\/h3>\n\t\t\t\t<div class=\"wpb_row vc_row-fluid ui-accordion-content\">\n\t\t\t\t \n\t<div class=\"wpb_gallery wpb_content_element clearfix\">\n\t\t<div class=\"wpb_wrapper\"><div class=\"wpb_gallery_slides wpb_flexslider flexslider_fade flexslider\" data-interval=\"3\" data-flex_fx=\"fade\"><ul class=\"slides\"><li><a href=\"http:\/\/www.aciprensa.com\/\" target=\"_self\"><img src=\"https:\/\/centroderecursosmarista.org\/wp-content\/uploads\/2013\/03\/aciprensa.jpg\" width=\"480\" height=\"250\" alt=\"aciprensa\" \/><\/a><\/li><li><img src=\"https:\/\/centroderecursosmarista.org\/wp-content\/uploads\/2013\/03\/aciprensa1.jpg\" width=\"480\" height=\"250\" alt=\"aciprensa1\" \/><\/li><\/ul><\/div>\n\t\t<\/div> \n\t<\/div>  <a class=\"wpb_button_a\" title=\"Ver P\u00e1gina Web\" href=\"http:\/\/www.aciprensa.com\/\"><span class=\"wpb_button  wpb_btn-info wpb_regularsize\">Ver P\u00e1gina Web<\/span><\/a>\n \n\t\t\t\t<\/div>\n\t\t\t<\/div> \n \n\t\t\t<div class=\"wpb_accordion_section group\">\n\t\t\t\t<h3 class=\"ui-accordion-header\"><a href=\"#\">El Kiosko- Peri\u00f3dicos Mundiales<\/a><\/h3>\n\t\t\t\t<div class=\"wpb_row vc_row-fluid ui-accordion-content\">\n\t\t\t\t \n\t<div class=\"wpb_gallery wpb_content_element clearfix\">\n\t\t<div class=\"wpb_wrapper\"><div class=\"wpb_gallery_slides wpb_flexslider flexslider_fade flexslider\" data-interval=\"3\" data-flex_fx=\"fade\"><ul class=\"slides\"><li><a href=\"http:\/\/kiosko.net\/\" target=\"_self\"><img src=\"https:\/\/centroderecursosmarista.org\/wp-content\/uploads\/2013\/03\/kiosko.jpg\" width=\"480\" height=\"250\" alt=\"kiosko\" \/><\/a><\/li><li><img src=\"https:\/\/centroderecursosmarista.org\/wp-content\/uploads\/2013\/03\/kiosko1.jpg\" width=\"480\" height=\"250\" alt=\"kiosko1\" \/><\/li><\/ul><\/div>\n\t\t<\/div> \n\t<\/div>  <a class=\"wpb_button_a\" title=\"Ver P\u00e1gina Web\" href=\"http:\/\/kiosko.net\/\"><span class=\"wpb_button  wpb_btn-info wpb_regularsize\">Ver P\u00e1gina Web<\/span><\/a>\n \n\t\t\t\t<\/div>\n\t\t\t<\/div> \n \n\t\t<\/div> \n\t<\/div>  \n\t\t<\/div> \n\t<\/div> \n <\/div>\n","protected":false},"excerpt":{"rendered":"El Nuevo D\u00eda Ver P\u00e1gina Web Primera Hora Ver P\u00e1gina Web El Vocero Ver P\u00e1gina Web Caribbean Business Ver P\u00e1gina Web The New York Times Ver P\u00e1gina Web USA Today [...]","protected":false},"author":1,"featured_media":0,"parent":0,"menu_order":0,"comment_status":"open","ping_status":"open","template":"","meta":{"jetpack_post_was_ever_published":false},"jetpack_sharing_enabled":true,"jetpack_shortlink":"https:\/\/wp.me\/P3q1yj-e","_links":{"self":[{"href":"https:\/\/centroderecursosmarista.org\/index.php?rest_route=\/wp\/v2\/pages\/14"}],"collection":[{"href":"https:\/\/centroderecursosmarista.org\/index.php?rest_route=\/wp\/v2\/pages"}],"about":[{"href":"https:\/\/centroderecursosmarista.org\/index.php?rest_route=\/wp\/v2\/types\/page"}],"author":[{"embeddable":true,"href":"https:\/\/centroderecursosmarista.org\/index.php?rest_route=\/wp\/v2\/users\/1"}],"replies":[{"embeddable":true,"href":"https:\/\/centroderecursosmarista.org\/index.php?rest_route=%2Fwp%2Fv2%2Fcomments&post=14"}],"version-history":[{"count":10,"href":"https:\/\/centroderecursosmarista.org\/index.php?rest_route=\/wp\/v2\/pages\/14\/revisions"}],"predecessor-version":[{"id":962,"href":"https:\/\/centroderecursosmarista.org\/index.php?rest_route=\/wp\/v2\/pages\/14\/revisions\/962"}],"wp:attachment":[{"href":"https:\/\/centroderecursosmarista.org\/index.php?rest_route=%2Fwp%2Fv2%2Fmedia&parent=14"}],"curies":[{"name":"wp","href":"https:\/\/api.w.org\/{rel}","templated":true}]}}