{"id":117,"date":"2013-04-09T14:57:32","date_gmt":"2013-04-09T14:57:32","guid":{"rendered":"https:\/\/centroderecursosmarista.org\/?page_id=117"},"modified":"2021-04-20T10:30:47","modified_gmt":"2021-04-20T14:30:47","slug":"recursos-para-estudiantes-y-padres-2","status":"publish","type":"page","link":"https:\/\/centroderecursosmarista.org\/?page_id=117","title":{"rendered":"Recursos para Estudiantes y Padres"},"content":{"rendered":"\n<div class=\"wp-block-button\"><a class=\"wp-block-button__link has-text-color has-vivid-cyan-blue-color has-background has-very-light-gray-background-color\" href=\"http:\/\/www.educaplus.org\/\">Educaplus.org<\/a><\/div>\n\n\n\n<div class=\"wp-block-button\"><a class=\"wp-block-button__link has-text-color has-vivid-cyan-blue-color has-background has-very-light-gray-background-color\" href=\"https:\/\/didactalia.net\/comunidad\/materialeducativo\">Didactalia<\/a><\/div>\n\n\n\n<div class=\"wp-block-button\"><a class=\"wp-block-button__link has-text-color has-vivid-cyan-blue-color has-background has-very-light-gray-background-color\" href=\"https:\/\/www.profesorenlinea.cl\/\">Profesor en L\u00ednea<\/a><\/div>\n\n\n\n<div class=\"wp-block-button\"><a class=\"wp-block-button__link has-text-color has-vivid-cyan-blue-color has-background has-very-light-gray-background-color\" href=\"https:\/\/recursosdidacticos.org\/\">Recursos Did\u00e1cticos<\/a><\/div>\n\n\n\n<div class=\"wp-block-button\"><a class=\"wp-block-button__link has-text-color has-vivid-cyan-blue-color has-background has-very-light-gray-background-color\" href=\"http:\/\/matematicascercanas.com\/\">Matem\u00e1ticas Cercanas<\/a><\/div>\n\n\n\n<div class=\"wp-block-button\"><a class=\"wp-block-button__link has-text-color has-vivid-cyan-blue-color has-background has-very-light-gray-background-color\" href=\"https:\/\/cienciadesofa.com\/\">Ciencias de Sof\u00e1<\/a><\/div>\n\n\n\n<div class=\"wp-block-button\"><a class=\"wp-block-button__link has-text-color has-vivid-cyan-blue-color has-background has-very-light-gray-background-color\" href=\"http:\/\/www.tocamates.com\/quienes-somos\/\">Tocamates<\/a><\/div>\n","protected":false},"excerpt":{"rendered":"Educaplus.org Didactalia Profesor en L\u00ednea Recursos Did\u00e1cticos Matem\u00e1ticas Cercanas Ciencias de Sof\u00e1 Tocamates","protected":false},"author":1,"featured_media":0,"parent":0,"menu_order":0,"comment_status":"open","ping_status":"open","template":"","meta":{"jetpack_post_was_ever_published":false},"jetpack_sharing_enabled":true,"jetpack_shortlink":"https:\/\/wp.me\/P3q1yj-1T","_links":{"self":[{"href":"https:\/\/centroderecursosmarista.org\/index.php?rest_route=\/wp\/v2\/pages\/117"}],"collection":[{"href":"https:\/\/centroderecursosmarista.org\/index.php?rest_route=\/wp\/v2\/pages"}],"about":[{"href":"https:\/\/centroderecursosmarista.org\/index.php?rest_route=\/wp\/v2\/types\/page"}],"author":[{"embeddable":true,"href":"https:\/\/centroderecursosmarista.org\/index.php?rest_route=\/wp\/v2\/users\/1"}],"replies":[{"embeddable":true,"href":"https:\/\/centroderecursosmarista.org\/index.php?rest_route=%2Fwp%2Fv2%2Fcomments&post=117"}],"version-history":[{"count":18,"href":"https:\/\/centroderecursosmarista.org\/index.php?rest_route=\/wp\/v2\/pages\/117\/revisions"}],"predecessor-version":[{"id":1878,"href":"https:\/\/centroderecursosmarista.org\/index.php?rest_route=\/wp\/v2\/pages\/117\/revisions\/1878"}],"wp:attachment":[{"href":"https:\/\/centroderecursosmarista.org\/index.php?rest_route=%2Fwp%2Fv2%2Fmedia&parent=117"}],"curies":[{"name":"wp","href":"https:\/\/api.w.org\/{rel}","templated":true}]}}