{"id":115,"date":"2013-04-09T14:55:53","date_gmt":"2013-04-09T14:55:53","guid":{"rendered":"https:\/\/centroderecursosmarista.org\/?page_id=115"},"modified":"2022-09-01T09:59:36","modified_gmt":"2022-09-01T13:59:36","slug":"recursos-para-estudiantes-y-padres","status":"publish","type":"page","link":"https:\/\/centroderecursosmarista.org\/?page_id=115","title":{"rendered":"Recursos para Estudiantes y Padres"},"content":{"rendered":"\n<div class=\"wp-block-button\"><a class=\"wp-block-button__link has-vivid-cyan-blue-color has-very-light-gray-background-color has-text-color has-background\" href=\"https:\/\/www.mundoprimaria.com\/\">Mundo Primaria<\/a><\/div>\n\n\n\n<div class=\"wp-block-button\"><a class=\"wp-block-button__link has-vivid-cyan-blue-color has-very-light-gray-background-color has-text-color has-background\" href=\"https:\/\/www.colorincolorado.org\/\">Color\u00edn, colorado!<\/a><\/div>\n\n\n\n<div class=\"wp-block-button\"><a class=\"wp-block-button__link has-vivid-cyan-blue-color has-very-light-gray-background-color has-text-color has-background\" href=\"https:\/\/aprenderespanol.org\/\">Aprender Espa\u00f1ol<\/a><\/div>\n\n\n\n<div class=\"wp-block-button\"><a class=\"wp-block-button__link has-vivid-cyan-blue-color has-very-light-gray-background-color has-text-color has-background\" href=\"https:\/\/www.educapeques.com\/\">Educapeques<\/a><\/div>\n\n\n\n<div class=\"wp-block-button\"><a class=\"wp-block-button__link has-vivid-cyan-blue-color has-very-light-gray-background-color has-text-color has-background\" href=\"https:\/\/www.chiquipedia.com\/\">Chiquipedia<\/a><\/div>\n\n\n\n<div class=\"wp-block-button\"><a class=\"wp-block-button__link has-vivid-cyan-blue-color has-very-light-gray-background-color has-text-color has-background\" href=\"https:\/\/espanol.cbeebies.com\/?cdrid=mT4A9fuDvG\">CBeebies<\/a><\/div>\n\n\n\n<div class=\"wp-block-button\"><a class=\"wp-block-button__link has-vivid-cyan-blue-color has-very-light-gray-background-color has-text-color has-background\" href=\"https:\/\/arbolabc.com\/\">\u00c1rbol ABC<\/a><\/div>\n\n\n\n<div class=\"wp-block-button\"><a class=\"wp-block-button__link has-vivid-cyan-blue-color has-very-light-gray-background-color has-text-color has-background\" href=\"https:\/\/mx.smartickmethod.com\/ \">Smartick<\/a><\/div>\n\n\n\n<div class=\"wp-block-button\"><a class=\"wp-block-button__link has-vivid-cyan-blue-color has-very-light-gray-background-color has-text-color has-background\" href=\"http:\/\/www.cristic.com\/juegos-educativos\/\">Cristic<\/a><\/div>\n\n\n\n<div class=\"wp-block-button\"><a class=\"wp-block-button__link has-vivid-cyan-blue-color has-very-light-gray-background-color has-text-color has-background\" href=\"https:\/\/www.learninggamesforkids.com\/\">Learning Games for Kids<\/a><\/div>\n\n\n\n<div class=\"wp-block-button\"><a class=\"wp-block-button__link has-vivid-cyan-blue-color has-very-light-gray-background-color has-text-color has-background\" href=\"https:\/\/www.nasa.gov\/kidsclub\/index.html\">Nasa Kids Club<\/a><\/div>\n\n\n\n<div class=\"wp-block-button\"><a class=\"wp-block-button__link has-vivid-cyan-blue-color has-very-light-gray-background-color has-text-color has-background\" href=\"http:\/\/learnenglishkids.britishcouncil.org\/\">British Council<\/a><\/div>\n","protected":false},"excerpt":{"rendered":"Mundo Primaria Color\u00edn, colorado! Aprender Espa\u00f1ol Educapeques Chiquipedia CBeebies \u00c1rbol ABC Smartick Cristic Learning Games for Kids Nasa Kids Club British Council","protected":false},"author":1,"featured_media":0,"parent":0,"menu_order":0,"comment_status":"open","ping_status":"open","template":"","meta":{"jetpack_post_was_ever_published":false},"jetpack_sharing_enabled":true,"jetpack_shortlink":"https:\/\/wp.me\/P3q1yj-1R","_links":{"self":[{"href":"https:\/\/centroderecursosmarista.org\/index.php?rest_route=\/wp\/v2\/pages\/115"}],"collection":[{"href":"https:\/\/centroderecursosmarista.org\/index.php?rest_route=\/wp\/v2\/pages"}],"about":[{"href":"https:\/\/centroderecursosmarista.org\/index.php?rest_route=\/wp\/v2\/types\/page"}],"author":[{"embeddable":true,"href":"https:\/\/centroderecursosmarista.org\/index.php?rest_route=\/wp\/v2\/users\/1"}],"replies":[{"embeddable":true,"href":"https:\/\/centroderecursosmarista.org\/index.php?rest_route=%2Fwp%2Fv2%2Fcomments&post=115"}],"version-history":[{"count":11,"href":"https:\/\/centroderecursosmarista.org\/index.php?rest_route=\/wp\/v2\/pages\/115\/revisions"}],"predecessor-version":[{"id":2052,"href":"https:\/\/centroderecursosmarista.org\/index.php?rest_route=\/wp\/v2\/pages\/115\/revisions\/2052"}],"wp:attachment":[{"href":"https:\/\/centroderecursosmarista.org\/index.php?rest_route=%2Fwp%2Fv2%2Fmedia&parent=115"}],"curies":[{"name":"wp","href":"https:\/\/api.w.org\/{rel}","templated":true}]}}